{"id":2,"date":"2023-01-04T23:30:05","date_gmt":"2023-01-04T23:30:05","guid":{"rendered":"https:\/\/agenf.org\/ecat\/?page_id=2"},"modified":"2023-01-04T23:38:10","modified_gmt":"2023-01-04T23:38:10","slug":"pagina-ejemplo","status":"publish","type":"page","link":"https:\/\/agenf.org\/ecat\/index.php\/pagina-ejemplo\/","title":{"rendered":"Somos Ecat"},"content":{"rendered":"\n<p>E<strong>CAT LTDA<\/strong>\u00a0Pone a disposici\u00f3n de los sectores p\u00fablico y privado el mejor patrimonio de conocimiento, mediante un equipo de consultores con alto grado de formaci\u00f3n y profesionalismo que contribuyen al desarrollo de la competitividad y el alto desempe\u00f1o de las organizaciones en las que intervienen. Con un alto grado de responsabilidad, confiabilidad, seguridad y honestidad<\/p>\n\n\n\n<p><strong>MISI\u00d3N:<\/strong><\/p>\n\n\n\n<p>Lograr ubicarnos dentro de las mejores empresas de atenci\u00f3n y asesor\u00eda en el sector p\u00fablico y privado, con el fin de satisfacer sus necesidades con la soluci\u00f3n a sus problemas en los campos derecho, la salud, medio ambiente, financieros, educaci\u00f3n y administraci\u00f3n p\u00fablica.<\/p>\n\n\n\n<p><strong>VISION:<\/strong><\/p>\n\n\n\n<p>Mediante consultor\u00edas asesor\u00edas, auditor\u00edas, asistencias t\u00e9cnicas e interventorias aportamos fundamentos, metodolog\u00edas, herramientas y apoyo profesional especializado para su organizaci\u00f3n territorial.<\/p>\n\n\n\n<p><strong>NUESTROS SERVICIOS<\/strong><\/p>\n\n\n\n<p><strong>ECAT LTDA<\/strong>, le ofrece la posibilidad de acceder a un Portafolio de Servicios Exclusivo, orientado a satisfacer requerimientos muy espec\u00edficos, y encaminado a mejorar la gesti\u00f3n gubernamental sectorial e integral. Encuentre alternativas para atender aspectos tan importantes como: &nbsp;<\/p>\n\n\n\n<p><strong>ASESORIA JURIDICA<\/strong><\/p>\n\n\n\n<p>Elaboraci\u00f3n de contratos, actos administrativos entidades municipales<\/p>\n\n\n\n<p>Auditoria y Revisor\u00eda de procesos administrativos.<br>Asesor\u00eda jur\u00eddica a municipios y entes territoriales<br>Dise\u00f1o, elaboraci\u00f3n y asesor\u00eda en Planes de Desarrollo<br>Asesor\u00eda Jur\u00eddica en procesos ejecutivos, administrativos, laborales, civiles, disciplinarios, ambientales ante las Corporaciones Auton\u00f3mas Regionales y Secretarias de Ambiente.<br>Cobradores de cartera de las entidades p\u00fablicas y privadas.<br>Elaboraci\u00f3n de proyectos ambientales, para ser implementados dentro de las administraciones municipales y entidades de salud.<br>desarrollo de investigaciones sociales, estudios cuantitativos para la medici\u00f3n de la opini\u00f3n p\u00fablica.<br>asesor\u00eda en gesti\u00f3n y elaboraci\u00f3n de planes y proyectos culturales<br>consultor\u00eda en agricultura y desarrollo rural.<br>Pol\u00edticas p\u00fablicas; (infancia y adolescencia, adulto mayor, mujer y equidad de g\u00e9nero)<\/p>\n\n\n\n<p><strong>SELECCION DE PERSONAL<\/strong><\/p>\n\n\n\n<p>Reclutamieto<\/p>\n\n\n\n<p>Induccion<\/p>\n\n\n\n<p>Evaluacion<\/p>\n\n\n\n<p>Seleccion meritocratica a entiddes publicas y pruvadas<\/p>\n\n\n\n<p>Busqueda de Talentos<\/p>\n\n\n\n<p>Asesoria Seeleccion Gerentes Hospitales Publicos en consorcio con universidades acerditadas DAFP<\/p>\n\n\n\n<p>Asesoria, ejecucion y evaluacion Curadores Urbanos<\/p>\n\n\n\n<p>Asesoria, ejecucion y Evaluacion Personeros Municipales<\/p>\n\n\n\n<p><strong>SALUD P\u00daBLICA:<\/strong><\/p>\n\n\n\n<p>Plan de Salud Territorial: E.S.E. Hospitales, Centros de Salud, Alcad\u00edas&nbsp;<br>Planes de Desarrollo \u2013 Planes de Gesti\u00f3n \u2013 Informes de Gesti\u00f3n Gerentes E.S.E. Hospitales y Centros de Salud.<br>Capacitaci\u00f3n miembros Juntas Directivas y Gerentes,&nbsp;<br>La Formulaci\u00f3n y Gesti\u00f3n de Proyectos en metodolog\u00edas Estatales.<br>Contrataci\u00f3n del R\u00e9gimen Subsidiado: Relaci\u00f3n prestadores y pagadores.<br>Diagn\u00f3stico estad\u00edstico y epidemiol\u00f3gico de su organizaci\u00f3n Territorial.<br>Elabortaci\u00f3n del Plan de Gesti\u00f3n Integral de Residuos Hospitalarios<br>Procesos de modernizaci\u00f3n entidades del sector P\u00fablico<br>&nbsp;Capacitaci\u00f3n a trabajores del sector minero, forestal etc. Aplicaci\u00f3n de programas de promoci\u00f3n y prevenci\u00f3n en salud.<\/p>\n\n\n\n<p>10. Divisi\u00f3n de Software y Herramientas Tecnol\u00f3gicas en el \u00e1reas de la Salud<\/p>\n\n\n\n<p>INGENERIA AMBIENTAL<\/p>\n\n\n\n<p>Estudio y Elaboraci\u00f3n de los Planes de Ordenamiento Territorial. &nbsp;&nbsp;<\/p>\n\n\n\n<p>Estudio, elaboraci\u00f3n y plan de manejo ambiental para estaciones de servicio<br>Elaboraci\u00f3n del Plan de Gesti\u00f3n Integral de Residuos solidos<br>Estudio, elaboraci\u00f3n y plan de manejo ambiental para activiades mineras<br>Tramite general y especial para adquirir permisos de emisiones atmosfericas, concesi\u00f3n de aguas, permiso de aprovechamiento forestal, para los diferentes proyectos en las areas minera, forestal, entre otras.<br>Capacitac\u00f3n industrial al personal encargado del desarrollo de actividades en el sector minero, forestal, pecuario, bovino.<\/p>\n\n\n\n<p><strong>SISTEMAS E INGENIERIA<\/strong><\/p>\n\n\n\n<p>Desarrollo y Implementaci\u00f3n del sistema de informaci\u00f3n geogr\u00e1fica municipal mediante la capacitaci\u00f3n en el manejo del GVSIG<\/p>\n\n\n\n<p>Estructuraci\u00f3n de la cartograf\u00eda en formato shape y la puesta en marcha de los procesos de administraci\u00f3n de la informaci\u00f3n<\/p>\n\n\n\n<p><strong>CAPACITACION Y FORMACION<\/strong><\/p>\n\n\n\n<p>programas de educaci\u00f3n&nbsp; ambiental, salud p\u00fablica, &nbsp;desarrollo territorial, administraci\u00f3n p\u00fablica y privada, contable y fiscal a todo tipo de personas naturales o jur\u00eddicas.<\/p>\n\n\n\n<p>Programas de asistencia y capacitaci\u00f3n a corporaciones municipales, departamentales, publicas y privadas<br>actualizaciones en derecho, salud, administraci\u00f3n publica<br>educaci\u00f3n no formal y desarrollo humano, capacitaci\u00f3n t\u00e9cnica, seminarios, congresos, talleres y actualizaciones.<\/p>\n\n\n\n<p><strong>OTROS SECTORES<\/strong><\/p>\n\n\n\n<p>Elaboraci\u00f3n de encuesta de tipo investigativo, electoral, reputaci\u00f3n e imagen corporativa, de satisfacci\u00f3n, evaluaci\u00f3n del clima organizacional, entrevistas de opini\u00f3n publica.<\/p>\n\n\n\n<p>campa\u00f1as institucionales, elaboraci\u00f3n de revistas, peri\u00f3dicos, medios de comunicaci\u00f3n.<br>promoci\u00f3n de manifestaciones&nbsp; culturales, art\u00edsticas de estudio, formativas de investigaci\u00f3n&nbsp; y recreativas.<br>desarrollo de programas para la primera infancia, juventud, equidad de g\u00e9nero, adulto mayor.<br>estudios sociopol\u00edticos, socioecon\u00f3micos, y demogr\u00e1ficos.<br>El Modelo Est\u00e1ndar de Control Interno para el Gobierno Colombiano: MECI.&nbsp;<\/p>\n","protected":false},"excerpt":{"rendered":"<p>ECAT LTDA\u00a0Pone a disposici\u00f3n de los sectores p\u00fablico y privado el mejor patrimonio de conocimiento, mediante un equipo de consultores con alto<\/p>\n<p class=\"link-more\"><a class=\"myButt \" href=\"https:\/\/agenf.org\/ecat\/index.php\/pagina-ejemplo\/\">Read More<\/a><\/p>\n","protected":false},"author":1,"featured_media":0,"parent":0,"menu_order":0,"comment_status":"closed","ping_status":"open","template":"","meta":[],"_links":{"self":[{"href":"https:\/\/agenf.org\/ecat\/index.php\/wp-json\/wp\/v2\/pages\/2"}],"collection":[{"href":"https:\/\/agenf.org\/ecat\/index.php\/wp-json\/wp\/v2\/pages"}],"about":[{"href":"https:\/\/agenf.org\/ecat\/index.php\/wp-json\/wp\/v2\/types\/page"}],"author":[{"embeddable":true,"href":"https:\/\/agenf.org\/ecat\/index.php\/wp-json\/wp\/v2\/users\/1"}],"replies":[{"embeddable":true,"href":"https:\/\/agenf.org\/ecat\/index.php\/wp-json\/wp\/v2\/comments?post=2"}],"version-history":[{"count":1,"href":"https:\/\/agenf.org\/ecat\/index.php\/wp-json\/wp\/v2\/pages\/2\/revisions"}],"predecessor-version":[{"id":14,"href":"https:\/\/agenf.org\/ecat\/index.php\/wp-json\/wp\/v2\/pages\/2\/revisions\/14"}],"wp:attachment":[{"href":"https:\/\/agenf.org\/ecat\/index.php\/wp-json\/wp\/v2\/media?parent=2"}],"curies":[{"name":"wp","href":"https:\/\/api.w.org\/{rel}","templated":true}]}}