{"id":2,"date":"2022-06-01T16:44:44","date_gmt":"2022-06-01T16:44:44","guid":{"rendered":"http:\/\/agenf.org\/lapalabra\/?page_id=2"},"modified":"2022-06-28T23:41:07","modified_gmt":"2022-06-28T23:41:07","slug":"pagina-ejemplo","status":"publish","type":"page","link":"https:\/\/agenf.org\/palabras\/index.php\/pagina-ejemplo\/","title":{"rendered":"Habemus presidente"},"content":{"rendered":"\n<p><strong>Por: Fred Manrique Abril PhD. Investigador<\/strong><\/p>\n\n\n\n<p>Luego de la segunda vuelta por una diferencia de casi 1 mill\u00f3n de votos fue elegido en las urnas a Gustavo Petro Urrego presidente  de Colombia. <\/p>\n\n\n\n<p>El nuevo mandatorio asumir\u00e1 el cargo y ser\u00e1 posesionado el pr\u00f3ximo 7 de agosto en el capitolio nacional por uno de los miembros de sus partido pol\u00edtico que se denomino inicialmente la \u00abColombiana Humana\u00bb y que con la adhesi\u00f3n el movimiento fue concretado en el denominado \u00abPacto Hist\u00f3rico\u00bb.<\/p>\n\n\n\n<p>Los congresistas tanto de Senado y C\u00e1mara de representantes del Pacto Hist\u00f3rico, incitaran su periodo legislativo posesion\u00e1ndose el pr\u00f3ximo 20 de julio y all\u00ed designara por voto de mayor\u00edas la mesa directiva, quein dentro de sus funciones tomara el juramento e impondr\u00e1 la cinta presidencial al nuevo mandatario.<\/p>\n\n\n\n<p>Ahora, desde ese momento las promesas de campa\u00f1a comenzaran a materializarse en pol\u00edtica publica. <\/p>\n\n\n\n<p><\/p>\n","protected":false},"excerpt":{"rendered":"<p>Por: Fred Manrique Abril PhD. Investigador Luego de la segunda vuelta por una diferencia de casi 1 mill\u00f3n de votos fue elegido en las urnas a Gustavo Petro Urrego presidente de Colombia. El nuevo mandatorio asumir\u00e1 el cargo y ser\u00e1 posesionado el pr\u00f3ximo 7 de agosto en el capitolio nacional por uno de los miembros [&hellip;]<\/p>\n","protected":false},"author":1,"featured_media":63,"parent":0,"menu_order":0,"comment_status":"closed","ping_status":"open","template":"template\/fullwidth.php","meta":{"_monsterinsights_skip_tracking":false,"_monsterinsights_sitenote_active":false,"_monsterinsights_sitenote_note":"","_monsterinsights_sitenote_category":0,"footnotes":""},"class_list":["post-2","page","type-page","status-publish","has-post-thumbnail","hentry"],"_links":{"self":[{"href":"https:\/\/agenf.org\/palabras\/index.php\/wp-json\/wp\/v2\/pages\/2","targetHints":{"allow":["GET"]}}],"collection":[{"href":"https:\/\/agenf.org\/palabras\/index.php\/wp-json\/wp\/v2\/pages"}],"about":[{"href":"https:\/\/agenf.org\/palabras\/index.php\/wp-json\/wp\/v2\/types\/page"}],"author":[{"embeddable":true,"href":"https:\/\/agenf.org\/palabras\/index.php\/wp-json\/wp\/v2\/users\/1"}],"replies":[{"embeddable":true,"href":"https:\/\/agenf.org\/palabras\/index.php\/wp-json\/wp\/v2\/comments?post=2"}],"version-history":[{"count":5,"href":"https:\/\/agenf.org\/palabras\/index.php\/wp-json\/wp\/v2\/pages\/2\/revisions"}],"predecessor-version":[{"id":188,"href":"https:\/\/agenf.org\/palabras\/index.php\/wp-json\/wp\/v2\/pages\/2\/revisions\/188"}],"wp:featuredmedia":[{"embeddable":true,"href":"https:\/\/agenf.org\/palabras\/index.php\/wp-json\/wp\/v2\/media\/63"}],"wp:attachment":[{"href":"https:\/\/agenf.org\/palabras\/index.php\/wp-json\/wp\/v2\/media?parent=2"}],"curies":[{"name":"wp","href":"https:\/\/api.w.org\/{rel}","templated":true}]}}